{"id":172,"date":"2024-05-22T12:36:04","date_gmt":"2024-05-22T12:36:04","guid":{"rendered":"https:\/\/localhost\/wordpress\/?page_id=172"},"modified":"2024-06-30T18:50:11","modified_gmt":"2024-06-30T18:50:11","slug":"kultuuriprogrammid","status":"publish","type":"page","link":"https:\/\/tantsumajakas.ee\/?page_id=172","title":{"rendered":"Kultuuriprogrammid"},"content":{"rendered":"\n<p><\/p>\n\n\n\n<blockquote class=\"wp-block-quote is-layout-flow wp-block-quote-is-layout-flow\">\n<p>MT\u00dc Tantsumajakas pakub v\u00f5imalust muuta elavamaks ja p\u00f5nevamaks s\u00fcnnip\u00e4eva-, klubi-, firma-, j\u00f5ulupidusid, suvep\u00e4evi ja muid \u00fcritusi.<br>Esinemisprogramme on erinevas vanuses ja maitsega publikule. Programmi pikkus ja iseloom vastavalt soovile estraaditantsust rahvatantsuni.<br>Soovi korral saab kaasa haarata publiku, line-tantsust-seltkonnatantsuni.<\/p>\n\n\n\n<p>Kohvitantadel on v\u00e4rskelt valminud 6 esinemiskava:<\/p>\n\n\n\n<ul class=\"wp-block-list\" style=\"margin-top:0;margin-bottom:0\">\n<li>Kalevivabriku tekke p\u00f5hjused ja tegevus<\/li>\n\n\n\n<li>K\u00e4rdla kalevivabrik ja kooliharidus<\/li>\n\n\n\n<li>Hiiumaa tantsuajalugu l\u00e4bi tantsu<\/li>\n\n\n\n<li>Hiiumaa rahvariide erip\u00e4rad<\/li>\n\n\n\n<li>Rahvakalendri t\u00e4htp\u00e4evad<\/li>\n\n\n\n<li>Hiiumaa seltside tutvustus<\/li>\n\n\n\n<li>Infot saab k\u00fcsida:<\/li>\n<\/ul>\n\n\n\n<p><strong>Tiina Kaev<\/strong><br>Tel: 5156996<br>e-mail:&nbsp;<a href=\"mailto:tiinakaev@gmail.com\">tiinakaev@gmail.com<\/a><\/p>\n\n\n\n<p><strong>Ille Savioja<\/strong><br>Tel: 5111966<br>e-mail:\u00a0<a href=\"mailto:illesavioja@gmail.com\">illesavioja@gmail.com<\/a><\/p>\n<\/blockquote>\n","protected":false},"excerpt":{"rendered":"","protected":false},"author":1,"featured_media":0,"parent":0,"menu_order":0,"comment_status":"closed","ping_status":"closed","template":"","meta":{"footnotes":""},"class_list":["post-172","page","type-page","status-publish","hentry"],"_links":{"self":[{"href":"https:\/\/tantsumajakas.ee\/index.php?rest_route=\/wp\/v2\/pages\/172","targetHints":{"allow":["GET"]}}],"collection":[{"href":"https:\/\/tantsumajakas.ee\/index.php?rest_route=\/wp\/v2\/pages"}],"about":[{"href":"https:\/\/tantsumajakas.ee\/index.php?rest_route=\/wp\/v2\/types\/page"}],"author":[{"embeddable":true,"href":"https:\/\/tantsumajakas.ee\/index.php?rest_route=\/wp\/v2\/users\/1"}],"replies":[{"embeddable":true,"href":"https:\/\/tantsumajakas.ee\/index.php?rest_route=%2Fwp%2Fv2%2Fcomments&post=172"}],"version-history":[{"count":2,"href":"https:\/\/tantsumajakas.ee\/index.php?rest_route=\/wp\/v2\/pages\/172\/revisions"}],"predecessor-version":[{"id":190,"href":"https:\/\/tantsumajakas.ee\/index.php?rest_route=\/wp\/v2\/pages\/172\/revisions\/190"}],"wp:attachment":[{"href":"https:\/\/tantsumajakas.ee\/index.php?rest_route=%2Fwp%2Fv2%2Fmedia&parent=172"}],"curies":[{"name":"wp","href":"https:\/\/api.w.org\/{rel}","templated":true}]}}